{"id":455,"date":"2021-02-15T11:14:22","date_gmt":"2021-02-15T10:14:22","guid":{"rendered":"https:\/\/fw.s5.jfcserver.de\/faq\/"},"modified":"2021-02-26T11:12:13","modified_gmt":"2021-02-26T10:12:13","slug":"faq","status":"publish","type":"page","link":"https:\/\/www.fw-sattel.de\/en\/faq\/","title":{"rendered":"FAQ"},"content":{"rendered":"\t\t<div data-elementor-type=\"wp-page\" data-elementor-id=\"455\" class=\"elementor elementor-455 elementor-447\" data-elementor-post-type=\"page\">\n\t\t\t\t\t\t<section class=\"elementor-section elementor-top-section elementor-element elementor-element-0bc16d2 elementor-section-boxed elementor-section-height-default elementor-section-height-default\" data-id=\"0bc16d2\" data-element_type=\"section\" data-e-type=\"section\">\n\t\t\t\t\t\t<div class=\"elementor-container elementor-column-gap-default\">\n\t\t\t\t\t<div class=\"elementor-column elementor-col-100 elementor-top-column elementor-element elementor-element-b43412f\" data-id=\"b43412f\" data-element_type=\"column\" data-e-type=\"column\">\n\t\t\t<div class=\"elementor-widget-wrap elementor-element-populated\">\n\t\t\t\t\t\t<div class=\"elementor-element elementor-element-f5db2c9 elementor-widget elementor-widget-heading\" data-id=\"f5db2c9\" data-element_type=\"widget\" data-e-type=\"widget\" data-widget_type=\"heading.default\">\n\t\t\t\t<div class=\"elementor-widget-container\">\n\t\t\t\t\t<h1 class=\"elementor-heading-title elementor-size-default\">FAQ<\/h1>\t\t\t\t<\/div>\n\t\t\t\t<\/div>\n\t\t\t\t<div class=\"elementor-element elementor-element-d1ad647 elementor-widget elementor-widget-faqschemas\" data-id=\"d1ad647\" data-element_type=\"widget\" data-e-type=\"widget\" data-widget_type=\"faqschemas.default\">\n\t\t\t\t<div class=\"elementor-widget-container\">\n\t\t\t\t\t\t\r\n\t\t\t\t\t<section class=\"faq-schema\">\r\n\t\t\t\t\t\t\t\t\t<div class=\"faq-entry\">\r\n\t\t\t\t\t\t<div class=\"accordion-header\">Do you have problems finding a saddle that really fits you and your horse?<\/div>\r\n\t\t\t\t\t\t<div class=\"accordion-content\">I personally use my well-trained eye and experience in constructing a saddle which meets your requirements. An original FW customised saddle, which fits your horse perfectly, matches your individual riding style and corrects it if necessary, will give you great pleasure!<\/div>\r\n\t\t\t\t\t<\/div>\t\t\t\t\t\r\n\t\t\t\t\t\t\t<\/section>\r\n\t\t\t\t\t\t\r\n\t\t\t\t\t<script type=\"application\/ld+json\">\r\n\t\t\t\t{\r\n\t\t\t\t\t\"@context\": \"https:\/\/schema.org\",\r\n\t\t\t\t\t\"@type\": \"FAQPage\",\r\n\t\t\t\t\t\"mainEntity\": [\r\n\t\t\t\t\t\t\t\t\t\t\t\t\t{\r\n\t\t\t\t\t\t\t\t\"@type\": \"Question\",\r\n\t\t\t\t\t\t\t\t\"name\": \"Do you have problems finding a saddle that really fits you and your horse?\",\r\n\t\t\t\t\t\t\t\t\"acceptedAnswer\": {\r\n\t\t\t\t\t\t\t\t\t\"@type\": \"Answer\",\r\n\t\t\t\t\t\t\t\t\t\"text\": \"I personally use my well-trained eye and experience in constructing a saddle which meets your requirements. An original FW customised saddle, which fits your horse perfectly, matches your individual riding style and corrects it if necessary, will give you great pleasure!\"\r\n\t\t\t\t\t\t\t\t}\r\n\t\t\t\t\t\t\t}\r\n\t\t\t\t\t\t\t\t\t\t\t\t\t\t\t\t\t\t\t\r\n\t\t\t\t\t]\r\n\t\t\t\t}\r\n\t\t\t<\/script>\r\n\t\t\t\r\n\t\t\r\n\t\t\r\n\t\t\t\t\t<\/div>\n\t\t\t\t<\/div>\n\t\t\t\t\t<\/div>\n\t\t<\/div>\n\t\t\t\t\t<\/div>\n\t\t<\/section>\n\t\t\t\t<\/div>\n\t\t","protected":false},"excerpt":{"rendered":"<p>FAQ Haben Sie Probleme einen Sattel zu finden, der Ihnen und Ihrem Pferd auch wirklich passt? Augenma\u00df und Erfahrung sind meine Methoden, um Ihnen einen Sattel zu bauen, der den gew\u00fcnschten Anforderungen entspricht. Ein original FW-Ma\u00dfsattel, der optimal auf Ihr Pferd passt, Ihrer individuellen Reitweise entspricht und sie eventuell korrigiert, wird Ihnen viel Freude bereiten!<\/p>\n","protected":false},"author":1,"featured_media":0,"parent":0,"menu_order":0,"comment_status":"closed","ping_status":"closed","template":"","meta":{"_acf_changed":false,"footnotes":""},"class_list":["post-455","page","type-page","status-publish","hentry"],"acf":[],"yoast_head":"<!-- This site is optimized with the Yoast SEO plugin v27.3 - https:\/\/yoast.com\/product\/yoast-seo-wordpress\/ -->\n<title>FAQ - Ferdi Weischenberg<\/title>\n<meta name=\"description\" content=\"Frequently asked questions\" \/>\n<meta name=\"robots\" content=\"index, follow, max-snippet:-1, max-image-preview:large, max-video-preview:-1\" \/>\n<link rel=\"canonical\" href=\"https:\/\/www.fw-sattel.de\/en\/faq\/\" \/>\n<meta property=\"og:locale\" content=\"en_US\" \/>\n<meta property=\"og:type\" content=\"article\" \/>\n<meta property=\"og:title\" content=\"FAQ - Ferdi Weischenberg\" \/>\n<meta property=\"og:description\" content=\"Frequently asked questions\" \/>\n<meta property=\"og:url\" content=\"https:\/\/www.fw-sattel.de\/en\/faq\/\" \/>\n<meta property=\"og:site_name\" content=\"Ferdi Weischenberg\" \/>\n<meta property=\"article:publisher\" content=\"https:\/\/de-de.facebook.com\/Ferdi.Weischenberg\" \/>\n<meta property=\"article:modified_time\" content=\"2021-02-26T10:12:13+00:00\" \/>\n<meta name=\"twitter:card\" content=\"summary_large_image\" \/>\n<script type=\"application\/ld+json\" class=\"yoast-schema-graph\">{\"@context\":\"https:\\\/\\\/schema.org\",\"@graph\":[{\"@type\":\"WebPage\",\"@id\":\"https:\\\/\\\/www.fw-sattel.de\\\/en\\\/faq\\\/\",\"url\":\"https:\\\/\\\/www.fw-sattel.de\\\/en\\\/faq\\\/\",\"name\":\"FAQ - Ferdi Weischenberg\",\"isPartOf\":{\"@id\":\"https:\\\/\\\/www.fw-sattel.de\\\/#website\"},\"datePublished\":\"2021-02-15T10:14:22+00:00\",\"dateModified\":\"2021-02-26T10:12:13+00:00\",\"description\":\"Frequently asked questions\",\"breadcrumb\":{\"@id\":\"https:\\\/\\\/www.fw-sattel.de\\\/en\\\/faq\\\/#breadcrumb\"},\"inLanguage\":\"en-US\",\"potentialAction\":[{\"@type\":\"ReadAction\",\"target\":[\"https:\\\/\\\/www.fw-sattel.de\\\/en\\\/faq\\\/\"]}]},{\"@type\":\"BreadcrumbList\",\"@id\":\"https:\\\/\\\/www.fw-sattel.de\\\/en\\\/faq\\\/#breadcrumb\",\"itemListElement\":[{\"@type\":\"ListItem\",\"position\":1,\"name\":\"Home\",\"item\":\"https:\\\/\\\/www.fw-sattel.de\\\/en\\\/\"},{\"@type\":\"ListItem\",\"position\":2,\"name\":\"FAQ\"}]},{\"@type\":\"WebSite\",\"@id\":\"https:\\\/\\\/www.fw-sattel.de\\\/#website\",\"url\":\"https:\\\/\\\/www.fw-sattel.de\\\/\",\"name\":\"Ferdi Weischenberg\",\"description\":\"Sattel nach Ma\u00df\",\"publisher\":{\"@id\":\"https:\\\/\\\/www.fw-sattel.de\\\/#organization\"},\"potentialAction\":[{\"@type\":\"SearchAction\",\"target\":{\"@type\":\"EntryPoint\",\"urlTemplate\":\"https:\\\/\\\/www.fw-sattel.de\\\/?s={search_term_string}\"},\"query-input\":{\"@type\":\"PropertyValueSpecification\",\"valueRequired\":true,\"valueName\":\"search_term_string\"}}],\"inLanguage\":\"en-US\"},{\"@type\":\"Organization\",\"@id\":\"https:\\\/\\\/www.fw-sattel.de\\\/#organization\",\"name\":\"Ferdi Weischenberg GmbH\",\"url\":\"https:\\\/\\\/www.fw-sattel.de\\\/\",\"logo\":{\"@type\":\"ImageObject\",\"inLanguage\":\"en-US\",\"@id\":\"https:\\\/\\\/www.fw-sattel.de\\\/#\\\/schema\\\/logo\\\/image\\\/\",\"url\":\"https:\\\/\\\/www.fw-sattel.de\\\/wp-content\\\/uploads\\\/2021\\\/01\\\/titelbild_klein.jpg\",\"contentUrl\":\"https:\\\/\\\/www.fw-sattel.de\\\/wp-content\\\/uploads\\\/2021\\\/01\\\/titelbild_klein.jpg\",\"width\":198,\"height\":126,\"caption\":\"Ferdi Weischenberg GmbH\"},\"image\":{\"@id\":\"https:\\\/\\\/www.fw-sattel.de\\\/#\\\/schema\\\/logo\\\/image\\\/\"},\"sameAs\":[\"https:\\\/\\\/de-de.facebook.com\\\/Ferdi.Weischenberg\"]}]}<\/script>\n<!-- \/ Yoast SEO plugin. -->","yoast_head_json":{"title":"FAQ - Ferdi Weischenberg","description":"Frequently asked questions","robots":{"index":"index","follow":"follow","max-snippet":"max-snippet:-1","max-image-preview":"max-image-preview:large","max-video-preview":"max-video-preview:-1"},"canonical":"https:\/\/www.fw-sattel.de\/en\/faq\/","og_locale":"en_US","og_type":"article","og_title":"FAQ - Ferdi Weischenberg","og_description":"Frequently asked questions","og_url":"https:\/\/www.fw-sattel.de\/en\/faq\/","og_site_name":"Ferdi Weischenberg","article_publisher":"https:\/\/de-de.facebook.com\/Ferdi.Weischenberg","article_modified_time":"2021-02-26T10:12:13+00:00","twitter_card":"summary_large_image","schema":{"@context":"https:\/\/schema.org","@graph":[{"@type":"WebPage","@id":"https:\/\/www.fw-sattel.de\/en\/faq\/","url":"https:\/\/www.fw-sattel.de\/en\/faq\/","name":"FAQ - Ferdi Weischenberg","isPartOf":{"@id":"https:\/\/www.fw-sattel.de\/#website"},"datePublished":"2021-02-15T10:14:22+00:00","dateModified":"2021-02-26T10:12:13+00:00","description":"Frequently asked questions","breadcrumb":{"@id":"https:\/\/www.fw-sattel.de\/en\/faq\/#breadcrumb"},"inLanguage":"en-US","potentialAction":[{"@type":"ReadAction","target":["https:\/\/www.fw-sattel.de\/en\/faq\/"]}]},{"@type":"BreadcrumbList","@id":"https:\/\/www.fw-sattel.de\/en\/faq\/#breadcrumb","itemListElement":[{"@type":"ListItem","position":1,"name":"Home","item":"https:\/\/www.fw-sattel.de\/en\/"},{"@type":"ListItem","position":2,"name":"FAQ"}]},{"@type":"WebSite","@id":"https:\/\/www.fw-sattel.de\/#website","url":"https:\/\/www.fw-sattel.de\/","name":"Ferdi Weischenberg","description":"Sattel nach Ma\u00df","publisher":{"@id":"https:\/\/www.fw-sattel.de\/#organization"},"potentialAction":[{"@type":"SearchAction","target":{"@type":"EntryPoint","urlTemplate":"https:\/\/www.fw-sattel.de\/?s={search_term_string}"},"query-input":{"@type":"PropertyValueSpecification","valueRequired":true,"valueName":"search_term_string"}}],"inLanguage":"en-US"},{"@type":"Organization","@id":"https:\/\/www.fw-sattel.de\/#organization","name":"Ferdi Weischenberg GmbH","url":"https:\/\/www.fw-sattel.de\/","logo":{"@type":"ImageObject","inLanguage":"en-US","@id":"https:\/\/www.fw-sattel.de\/#\/schema\/logo\/image\/","url":"https:\/\/www.fw-sattel.de\/wp-content\/uploads\/2021\/01\/titelbild_klein.jpg","contentUrl":"https:\/\/www.fw-sattel.de\/wp-content\/uploads\/2021\/01\/titelbild_klein.jpg","width":198,"height":126,"caption":"Ferdi Weischenberg GmbH"},"image":{"@id":"https:\/\/www.fw-sattel.de\/#\/schema\/logo\/image\/"},"sameAs":["https:\/\/de-de.facebook.com\/Ferdi.Weischenberg"]}]}},"_links":{"self":[{"href":"https:\/\/www.fw-sattel.de\/en\/wp-json\/wp\/v2\/pages\/455","targetHints":{"allow":["GET"]}}],"collection":[{"href":"https:\/\/www.fw-sattel.de\/en\/wp-json\/wp\/v2\/pages"}],"about":[{"href":"https:\/\/www.fw-sattel.de\/en\/wp-json\/wp\/v2\/types\/page"}],"author":[{"embeddable":true,"href":"https:\/\/www.fw-sattel.de\/en\/wp-json\/wp\/v2\/users\/1"}],"replies":[{"embeddable":true,"href":"https:\/\/www.fw-sattel.de\/en\/wp-json\/wp\/v2\/comments?post=455"}],"version-history":[{"count":2,"href":"https:\/\/www.fw-sattel.de\/en\/wp-json\/wp\/v2\/pages\/455\/revisions"}],"predecessor-version":[{"id":472,"href":"https:\/\/www.fw-sattel.de\/en\/wp-json\/wp\/v2\/pages\/455\/revisions\/472"}],"wp:attachment":[{"href":"https:\/\/www.fw-sattel.de\/en\/wp-json\/wp\/v2\/media?parent=455"}],"curies":[{"name":"wp","href":"https:\/\/api.w.org\/{rel}","templated":true}]}}